{"id":2714,"date":"2018-11-01T17:33:16","date_gmt":"2018-11-01T17:33:16","guid":{"rendered":"http:\/\/rentalos.mx\/become-a-host\/"},"modified":"2020-07-02T23:41:41","modified_gmt":"2020-07-02T23:41:41","slug":"vuelvete-anfitrion","status":"publish","type":"page","link":"https:\/\/rentalos.mx\/es\/vuelvete-anfitrion\/","title":{"rendered":"Vuelvete un Anfitrion"},"content":{"rendered":"<section class=\"wpb-content-wrapper\"><p>[vc_row full_width=&#8221;stretch_row&#8221; equal_height=&#8221;yes&#8221; content_placement=&#8221;middle&#8221; css=&#8221;.vc_custom_1591921144190{margin-top: -20px !important;padding-top: 80px !important;padding-bottom: 80px !important;}&#8221;][vc_column css_animation=&#8221;bounceInDown&#8221; width=&#8221;7\/12&#8243;]\t\t<div class=\"homey-module module-title section-title-module text-left homey-section-title-light\">\r\n\t\t\t<h2 style=\"font-size: 44px; line-height: 50px;\">Vuelvete Anfitrion<\/h2>\r\n\r\n\t\t\t<p style=\"font-size: 30px; line-height: 40px;\" class=\"sub-heading\">Anuncia Tus Propiedades y Empieza a Ganar Dinero!<\/p>\r\n\t\t<\/div>\r\n\t\t[\/vc_column][vc_column width=&#8221;5\/12&#8243;]        <div class=\"register_module_wrap\">\r\n            \r\n\r\n                <div class=\"homey_register_messages message\"><\/div>\r\n\r\n                <h2>Registrate<\/h2>\r\n                <div class=\"modal-login-form\">\r\n\r\n                    <form>\r\n                        <div class=\"form-group\">\r\n                            <input name=\"username\" type=\"text\" class=\"form-control email-input-1\" placeholder=\"Username\" \/>\r\n                        <\/div>\r\n                        <div class=\"form-group\">\r\n                            <input type=\"useremail\" name=\"useremail\" class=\"form-control email-input-1\" placeholder=\"Email\">\r\n                        <\/div>\r\n                        <div class=\"form-group\">\r\n                            <input type=\"hidden\" name=\"role\" value=\"homey_host\">\r\n                        <\/div>\r\n\r\n                                                    <div class=\"form-group\">\r\n                                <input type=\"password\" name=\"register_pass\" class=\"form-control password-input-1\" placeholder=\"Password\">\r\n                            <\/div>\r\n                            <div class=\"form-group\">\r\n                                <input type=\"password\" name=\"register_pass_retype\" class=\"form-control password-input-2\" placeholder=\"Repeat Password\">\r\n                            <\/div>\r\n                        \r\n                        <div class=\"form-group captcha_wrapper\">\n    <div class=\"homey_google_reCaptcha\"><\/div>\n<\/div>\n\r\n                        <div class=\"checkbox pull-left term_condition_check\">\r\n                            <label>\r\n                                <input required name=\"term_condition\" type=\"checkbox\"> I agree with your <a href=\"https:\/\/rentalos.mx\/privacy-policy\/\">Terms &amp; Conditions<\/a>                            <\/label>\r\n                        <\/div>\r\n                                                <input type=\"hidden\" id=\"homey_register_security\" name=\"homey_register_security\" value=\"f06e47b41b\" \/><input type=\"hidden\" name=\"_wp_http_referer\" value=\"\/es\/wp-json\/wp\/v2\/pages\/2714\" \/>                        <input type=\"hidden\" name=\"action\" value=\"homey_register\">\r\n                        <input type=\"hidden\" name=\"role\" value=\"homey_host\">\r\n                        <button type=\"submit\" class=\"homey-register-button btn btn-primary btn-full-width\">Register<\/button>\r\n                    <\/form>\r\n                <\/div>\r\n                    <\/div><!-- \/.modal-content -->\r\n\r\n        [\/vc_column][\/vc_row][vc_row content_placement=&#8221;top&#8221;][vc_column width=&#8221;1\/2&#8243;][vc_column_text]<\/p>\n<h3 style=\"text-align: center;\">Porque Deber\u00eda Escoger Rentalos?<\/h3>\n<h4 style=\"text-align: center;\">Porqu\u00e9&#8230;.. si tienes una propiedad (Casa o Departamento) o simplemente una habitaci\u00f3n extra que no estas usando, podr\u00edas ganar dinero ofreci\u00e9ndolo a millones de viajeros de todo el mundo, que buscan aut\u00e9nticos alojamientos locales de cada pa\u00eds.<\/h4>\n<p>[\/vc_column_text]<div style=\"clear:both; width:100%; height:50px\"><\/div>[\/vc_column][vc_column width=&#8221;1\/2&#8243;][vc_column_text]<\/p>\n<h3 style=\"text-align: center;\">Que costo tiene?<\/h3>\n<h4 style=\"text-align: center;\">No hay ningun costo inicial o fijo para anunciar tu lugar en Rentalos. Pagar\u00e0s solo una tasa fija del 10% por cada reserva concretada, la cual incluye la promocion del anuncio y el manejo del pago por parte del cliente.<\/h4>\n<p>[\/vc_column_text][\/vc_column][\/vc_row][vc_row full_width=&#8221;stretch_row&#8221; css=&#8221;.vc_custom_1541107434392{background-color: #ffffff !important;}&#8221;][vc_column width=&#8221;1\/6&#8243;][\/vc_column][vc_column width=&#8221;2\/3&#8243;]<div style=\"clear:both; width:100%; height:50px\"><\/div>\t\t<div class=\"homey-module module-title section-title-module text-center \">\r\n\t\t\t<h2 style=\"font-size: 42px; line-height: 54px;\">Como me vuelvo Anfitri\u00f3n de Rentalos?<\/h2>\r\n\r\n\t\t\t<p style=\"font-size: 32px; line-height: 54px;\" class=\"sub-heading\">...mas facil de lo que te imaginas....<\/p>\r\n\t\t<\/div>\r\n\t\t<div style=\"clear:both; width:100%; height:50px\"><\/div>[vc_row_inner equal_height=&#8221;yes&#8221; content_placement=&#8221;middle&#8221;][vc_column_inner width=&#8221;1\/2&#8243;][vc_single_image image=&#8221;2718&#8243; img_size=&#8221;full&#8221; alignment=&#8221;center&#8221; style=&#8221;vc_box_rounded&#8221;][\/vc_column_inner][vc_column_inner width=&#8221;1\/2&#8243;][vc_column_text css=&#8221;.vc_custom_1593733164987{padding-top: 30px !important;padding-right: 30px !important;padding-bottom: 30px !important;padding-left: 30px !important;}&#8221;]<\/p>\n<h2>1. Registrate como Anfitri\u00f3n<\/h2>\n<h4>Crea una cuenta simplemente indicando usuario, correo electr\u00f3nico y tu contrase\u00f1a, seleccionando el perfil de &#8220;Anfitri\u00f3n&#8221; (Podr\u00e1s usarlo tambien como Hu\u00e9sped!). Posteriormente tendr\u00e1s que enviarnos copia de tu identificaci\u00f3n al correo host@rentalos.mx. Requerimos la verificaci\u00f3n de tu documento solo para garantizar la seguridad de los usuarios de nuestra plataforma.<\/h4>\n<h3><\/h3>\n<p>[\/vc_column_text][\/vc_column_inner][\/vc_row_inner]<div style=\"clear:both; width:100%; height:50px\"><\/div>[vc_row_inner equal_height=&#8221;yes&#8221; content_placement=&#8221;middle&#8221;][vc_column_inner el_class=&#8221;vc_col-sm-push-6&#8243; width=&#8221;1\/2&#8243;][vc_single_image image=&#8221;2412&#8243; img_size=&#8221;full&#8221; alignment=&#8221;center&#8221; style=&#8221;vc_box_rounded&#8221;][\/vc_column_inner][vc_column_inner el_class=&#8221;vc_col-sm-pull-6&#8243; width=&#8221;1\/2&#8243;][vc_column_text css=&#8221;.vc_custom_1589046974511{padding-top: 30px !important;padding-right: 30px !important;padding-bottom: 30px !important;padding-left: 30px !important;}&#8221;]<\/p>\n<h2>2. Anuncia tus Lugares<\/h2>\n<h4>Podr\u00e0s anunciar todas las propiedades que quieras, desde una habitaci\u00f3n privada en un departamento compartido, hasta una propiedad entera, de cualquier tama\u00f1o y capacidad. Te preguntaremos sobre cosas especificas que los viajeros quieren saber al momento de reservar.<\/h4>\n<p>[\/vc_column_text][\/vc_column_inner][\/vc_row_inner]<div style=\"clear:both; width:100%; height:50px\"><\/div>[vc_row_inner equal_height=&#8221;yes&#8221; content_placement=&#8221;middle&#8221;][vc_column_inner width=&#8221;1\/2&#8243;][vc_single_image image=&#8221;2877&#8243; img_size=&#8221;full&#8221; alignment=&#8221;center&#8221; style=&#8221;vc_box_rounded&#8221;][\/vc_column_inner][vc_column_inner width=&#8221;1\/2&#8243;][vc_column_text css=&#8221;.vc_custom_1591308735720{padding-top: 30px !important;padding-right: 30px !important;padding-bottom: 30px !important;padding-left: 30px !important;}&#8221;]<\/p>\n<h2>3. De la &#8220;Bienvenida&#8221; a tus primeros Huespedes<\/h2>\n<h4>Tan pronto tu anuncio haya sido revisado y aprobado, se publicar\u00e1 de inmediato, para que millones de potenciales hu\u00e9spedes puedan reservarla. Podr\u00e1s enviarles un mensaje antes de su estad\u00eda, con cualquier informaci\u00f3n que desees darles, as\u00ed como cualquier pregunta.<\/h4>\n<p>[\/vc_column_text][vc_single_image image=&#8221;1552&#8243; img_size=&#8221;full&#8221; alignment=&#8221;center&#8221; style=&#8221;vc_box_rounded&#8221;][\/vc_column_inner][\/vc_row_inner]<div style=\"clear:both; width:100%; height:50px\"><\/div>[vc_row_inner equal_height=&#8221;yes&#8221; content_placement=&#8221;middle&#8221;][vc_column_inner width=&#8221;1\/2&#8243;][vc_column_text css=&#8221;.vc_custom_1589048664139{padding-top: 30px !important;padding-right: 30px !important;padding-bottom: 30px !important;padding-left: 30px !important;}&#8221;]<\/p>\n<h2>4. Empieza a Ganar Dinero<\/h2>\n<h3>Tu decides cuando y por cuanto tiempo alquilar, as\u00ed como cuanto te gustar\u00eda ganar. Cada reserva es garantizada por Rentalos, en base a las pol\u00edticas y condiciones que configures en tu anuncio.<\/h3>\n<p>[\/vc_column_text][\/vc_column_inner][vc_column_inner width=&#8221;1\/2&#8243;][vc_single_image image=&#8221;2881&#8243; img_size=&#8221;full&#8221; alignment=&#8221;center&#8221; style=&#8221;vc_box_rounded&#8221;][\/vc_column_inner][\/vc_row_inner]<div style=\"clear:both; width:100%; height:50px\"><\/div>[\/vc_column][vc_column width=&#8221;1\/6&#8243;][\/vc_column][\/vc_row][vc_row][vc_column]<div style=\"clear:both; width:100%; height:50px\"><\/div>\t\t<div class=\"homey-module module-title section-title-module text-center \">\r\n\t\t\t<h2 style=\"font-size: 42px; line-height: 54px;\">Todo, Siempre bajo tu Control<\/h2>\r\n\r\n\t\t\t<p  class=\"sub-heading\"><\/p>\r\n\t\t<\/div>\r\n\t\t[vc_row_inner][vc_column_inner width=&#8221;1\/3&#8243;][vc_column_text css=&#8221;.vc_custom_1590014990503{padding-top: 20px !important;padding-right: 20px !important;padding-bottom: 20px !important;padding-left: 20px !important;}&#8221;]<img loading=\"lazy\" decoding=\"async\" class=\"size-full wp-image-1602 alignnone\" src=\"https:\/\/demo03.gethomey.io\/wp-content\/uploads\/2018\/11\/icon-23.png\" alt=\"\" width=\"60\" height=\"60\" \/><\/p>\n<h2><strong>El Anuncio<\/strong><\/h2>\n<p>Hay cierta informaci\u00f3n espec\u00edfica sobre la propiedad que deber\u00e1s proporcionar, para que podamos colocarla en la categor\u00eda apropiada (Condominio, Apartamento, Casa, B&amp;B, etc.) y promocionarla adecuadamente. Tambi\u00e9n se te pedir\u00e1 que proporciones detalles espec\u00edficos sobre las instalaciones, comodidades y servicios adicionales disponibles, que ayudar\u00e1n a los viajeros a escoger de manera oportuna y saber de antemano qu\u00e9 pueden esperar en tu alojamiento.[\/vc_column_text][\/vc_column_inner][vc_column_inner width=&#8221;1\/3&#8243;][vc_column_text css=&#8221;.vc_custom_1590015002960{padding-top: 20px !important;padding-right: 20px !important;padding-bottom: 20px !important;padding-left: 20px !important;}&#8221;]<img loading=\"lazy\" decoding=\"async\" class=\"size-full wp-image-1600 alignnone\" src=\"https:\/\/demo03.gethomey.io\/wp-content\/uploads\/2018\/11\/icon-16.png\" alt=\"\" width=\"60\" height=\"60\" \/><\/p>\n<h2><strong>Disponibilidad y Reservas<\/strong><\/h2>\n<p>No existe tiempo m\u00ednimo u obligatorio para alquilar, por lo que puedes bloquear las fechas en el calendario cuando la propiedad no est\u00e9 disponible o si simplemente no deseas alquilarla durante un per\u00edodo espec\u00edfico. Tambi\u00e9n podr\u00e1s configurar condiciones especiales para que se pueda rentar, como: m\u00ednimo \/ m\u00e1ximo de noches de estancia y tiempo m\u00ednimo de notificaci\u00f3n antes de una reserva.[\/vc_column_text][\/vc_column_inner][vc_column_inner width=&#8221;1\/3&#8243;][vc_column_text css=&#8221;.vc_custom_1589051157328{padding-top: 20px !important;padding-right: 20px !important;padding-bottom: 20px !important;padding-left: 20px !important;}&#8221;]<img loading=\"lazy\" decoding=\"async\" class=\"size-full wp-image-1601\" src=\"https:\/\/demo03.gethomey.io\/wp-content\/uploads\/2018\/11\/icon-07.png\" alt=\"\" width=\"60\" height=\"60\" \/><\/p>\n<h2><strong> Precios y Tarifas<\/strong><\/h2>\n<p>Lo que decides cobrar depende enteramente de ti! Tambi\u00e9n puedes agregar especificaciones extras personalizadas, como: tarifas de limpieza, descuentos semanales y precios especiales para fechas espec\u00edficas del a\u00f1o. Nuestro equipo puede ayudarte a definir el mejor precio en funci\u00f3n del mercado y de la demanda de los viajeros para una determinada zona. Por cada reserva se te cobrar\u00e1 una comisi\u00f3n fija del 10%, mientras que al cliente le cobraremos una tarifa fija por el uso de la plataforma.[\/vc_column_text][\/vc_column_inner][\/vc_row_inner][\/vc_column][\/vc_row][vc_row full_width=&#8221;stretch_row&#8221; css=&#8221;.vc_custom_1541100566181{background-color: #ffffff !important;}&#8221;][vc_column]<div style=\"clear:both; width:100%; height:80px\"><\/div>\t\t<div class=\"homey-module module-title section-title-module text-center \">\r\n\t\t\t<h2 style=\"font-size: 42px; line-height: 54px;\">Alguna Duda? Consulta nuestra Preguntas Frecuentes!<\/h2>\r\n\r\n\t\t\t<p  class=\"sub-heading\"><\/p>\r\n\t\t<\/div>\r\n\t\t<div style=\"clear:both; width:100%; height:80px\"><\/div>[vc_row_inner][vc_column_inner width=&#8221;1\/12&#8243;][\/vc_column_inner][vc_column_inner width=&#8221;5\/12&#8243;][vc_toggle title=&#8221;Quien puede ser Anfitri\u00f3n de Rentalos?&#8221; color=&#8221;turquoise&#8221;]Cualquier persona que quiera compartir sus propiedades, cuales departamentos, casas, habitaciones privadas y alojamientos especiales como bungalows en la jungla y castillos.[\/vc_toggle][vc_separator color=&#8221;custom&#8221; style=&#8221;dotted&#8221; accent_color=&#8221;#d8dce1&#8243;][vc_toggle title=&#8221;Como Funcionan los pagos?&#8221; color=&#8221;turquoise&#8221;]Al momento de reservar, el cliente paga un anticipo sobre el total de la reserva, mismo que incluye Tarifa de Servicio. El saldo lo pagar\u00e1 directamente a ti, a la llegada y recepcion de la propiedad. Un d\u00eda despu\u00e9s del check-in, te enviaremos el anticipo cobrado, descontando nuestra comisi\u00f3n del 10%.[\/vc_toggle][vc_separator color=&#8221;custom&#8221; style=&#8221;dotted&#8221; accent_color=&#8221;#d8dce1&#8243;][vc_toggle title=&#8221;Como puedo escalar my alojamiento a Top Place?&#8221; color=&#8221;turquoise&#8221;]Tu alojamiento ser\u00e1 automaticamente marcado con la insignia &#8220;Top Place&#8221; al obtener una valoraci\u00f3n promedio de 4.5 o m\u00e1s alta, basado en las opiniones (m\u00ednimo 3) escritas por tus hu\u00e9spedes durante el ultimo a\u00f1o. Un alojamiento clasificado como <em>Top Place<\/em> tiene mayor visibilidad en nuestra plataforma, por lo tanto muchas mas oportunidades de ser reservado.[\/vc_toggle][\/vc_column_inner][vc_column_inner width=&#8221;5\/12&#8243;][vc_toggle title=&#8221;Como me pongo en contacto con mis huespedes?&#8221; color=&#8221;turquoise&#8221;]Por casa reserva te enviaremos una confirmaci\u00f3n por correo electr\u00f3nico que contiene los contactos del Hu\u00e9sped (telefono y correo). Adem\u00e1s, podr\u00e1s chatear con el atr\u00e0ves del <em><strong> sistema de Mensajeria<\/strong><\/em>disponible en tu Panel de Control.[\/vc_toggle][vc_separator color=&#8221;custom&#8221; style=&#8221;dotted&#8221; accent_color=&#8221;#d8dce1&#8243;][vc_toggle title=&#8221;Que tipo de protecci\u00f3n tengo contra eventuales da\u00f1os a mi propiedad?&#8221; color=&#8221;turquoise&#8221;]En Calidad de Anfitri\u00f3n, Rentalos te permite solicitar un Dep\u00f3sito de seguridad, que tendr\u00e1s que definir en funci\u00f3n de las caracter\u00edsticas de tu propiedad, no relacionado con el momento y la duraci\u00f3n de una reserva, y nunca solicitarlo seg\u00fan la raza, nacionalidad, etnia, sexo, identidad de g\u00e9nero o edad. Se puede modificar o cancelar en cualquier momento.<\/p>\n<p>Si hay alg\u00fan problema durante la estad\u00eda, deber\u00e1s negociar con el hu\u00e9sped un reembolso adecuado, mismo que se deducir\u00e1 del Dep\u00f3sito de Seguridad.<\/p>\n<p>&lt; p&gt; Antes de fijar un monto de dep\u00f3sito de seguridad que sea coherente, deberas considerar las exclusiones como limpieza general, desgaste normal y da\u00f1os no f\u00edsicos, as\u00ed como multas por no observar las reglas de la casa.[\/vc_toggle][vc_separator color=&#8221;custom&#8221; style=&#8221;dotted&#8221; accent_color=&#8221;#d8dce1&#8243;][vc_toggle title=&#8221;Como cancelo una reserva?&#8221; color=&#8221;turquoise&#8221;]<\/p>\n<div class=\"_czm8crp\">\n<div>Para Cancelar una Reserva:<\/div>\n<\/div>\n<div class=\"_czm8crp\">\n<div>\n<ol>\n<li>Entra a tu <a href=\"\/?page_id=138\">Panel de Control<\/a><\/li>\n<li>Selecciona el Menu \u201cReservas\u201d y encuentra la que necesitas cancelar<\/li>\n<li>Dale Clic al bottom \u201cCancelar\u201d ubicado en la barra lateral derecha;<\/li>\n<li>Ingresa el \u201cMotivo de la Cancelaci\u00f3n\u201d y dale clic en Enviar.<\/li>\n<\/ol>\n<\/div>\n<\/div>\n<div class=\"_czm8crp\">\n<div>Importante: Recuerda que cancelar una reserva puede implicar graves complicaciones a la organizacion del viaje de un cliente, por lo tanto deberias de hacerlo solo en circunstancias inevitables. Te sugerimos de ofrecerle al cliente fechas alternativa u otras propiedades.<\/div>\n<\/div>\n<p>[\/vc_toggle][\/vc_column_inner][vc_column_inner width=&#8221;1\/12&#8243;][\/vc_column_inner][\/vc_row_inner]<div style=\"clear:both; width:100%; height:100px\"><\/div>[\/vc_column][\/vc_row][vc_row equal_height=&#8221;yes&#8221; content_placement=&#8221;middle&#8221; css=&#8221;.vc_custom_1541439013733{padding-top: 100px !important;padding-right: 80px !important;padding-bottom: 100px !important;padding-left: 80px !important;background-image: url(https:\/\/demo03.gethomey.io\/wp-content\/uploads\/2018\/11\/become-a-host-4.jpg?id=1573) !important;}&#8221;][vc_column width=&#8221;1\/2&#8243;]\t\t<div class=\"homey-module module-title section-title-module text-left homey-section-title-dark\">\r\n\t\t\t<h2 style=\"font-size: 42px; line-height: 54px;\">Empieza a Crear Tus Anuncios Hoy Mismo<\/h2>\r\n\r\n\t\t\t<p  class=\"sub-heading\"><\/p>\r\n\t\t<\/div>\r\n\t\t[\/vc_column][vc_column width=&#8221;1\/2&#8243;][\/vc_column][\/vc_row][vc_row][vc_column][vc_column_text][\/vc_column_text][\/vc_column][\/vc_row][vc_row][vc_column][\/vc_column][\/vc_row]<\/p>\n<\/section>","protected":false},"excerpt":{"rendered":"<p>[vc_row full_width=&#8221;stretch_row&#8221; equal_height=&#8221;yes&#8221; content_placement=&#8221;middle&#8221; css=&#8221;.vc_custom_1591921144190{margin-top: -20px !important;padding-top: 80px !important;padding-bottom: 80px !important;}&#8221;][vc_column css_animation=&#8221;bounceInDown&#8221; width=&#8221;7\/12&#8243;][\/vc_column][vc_column width=&#8221;5\/12&#8243;][\/vc_column][\/vc_row][vc_row content_placement=&#8221;top&#8221;][vc_column width=&#8221;1\/2&#8243;][vc_column_text] Porque Deber\u00eda Escoger Rentalos? Porqu\u00e9&#8230;.. si tienes una propiedad (Casa o Departamento) o simplemente una habitaci\u00f3n extra que no estas usando, podr\u00edas ganar dinero ofreci\u00e9ndolo a millones de viajeros de todo el mundo, que buscan aut\u00e9nticos alojamientos locales de [&hellip;]<\/p>\n","protected":false},"author":2,"featured_media":2878,"parent":0,"menu_order":0,"comment_status":"closed","ping_status":"closed","template":"template\/template-homepage.php","meta":{"footnotes":""},"class_list":["post-2714","page","type-page","status-publish","has-post-thumbnail","hentry"],"yoast_head":"<!-- This site is optimized with the Yoast SEO plugin v25.1 - https:\/\/yoast.com\/wordpress\/plugins\/seo\/ -->\n<title>Vuelvete Anfitrion de Rentalos<\/title>\n<meta name=\"description\" content=\"Especialistas en Alojamientos Memorables!\" \/>\n<meta name=\"robots\" content=\"index, follow, max-snippet:-1, max-image-preview:large, max-video-preview:-1\" \/>\n<link rel=\"canonical\" href=\"https:\/\/rentalos.mx\/es\/vuelvete-anfitrion\/\" \/>\n<meta property=\"og:locale\" content=\"es_ES\" \/>\n<meta property=\"og:type\" content=\"article\" \/>\n<meta property=\"og:title\" content=\"Rentalos.MX - Vu\u00e9lvete Anfitri\u00f3n\" \/>\n<meta property=\"og:description\" content=\"Especialistas en Alojamientos Memorables!\" \/>\n<meta property=\"og:url\" content=\"https:\/\/rentalos.mx\/es\/vuelvete-anfitrion\/\" \/>\n<meta property=\"og:site_name\" content=\"Rentalos.mx\" \/>\n<meta property=\"article:modified_time\" content=\"2020-07-02T23:41:41+00:00\" \/>\n<meta property=\"og:image\" content=\"https:\/\/rentalos.mx\/wp-content\/uploads\/2020\/05\/hotel-1330850_1920.jpg\" \/>\n\t<meta property=\"og:image:width\" content=\"1920\" \/>\n\t<meta property=\"og:image:height\" content=\"1343\" \/>\n\t<meta property=\"og:image:type\" content=\"image\/jpeg\" \/>\n<meta name=\"twitter:card\" content=\"summary_large_image\" \/>\n<meta name=\"twitter:label1\" content=\"Tiempo de lectura\" \/>\n\t<meta name=\"twitter:data1\" content=\"9 minutos\" \/>\n<script type=\"application\/ld+json\" class=\"yoast-schema-graph\">{\"@context\":\"https:\/\/schema.org\",\"@graph\":[{\"@type\":\"WebPage\",\"@id\":\"https:\/\/rentalos.mx\/es\/vuelvete-anfitrion\/\",\"url\":\"https:\/\/rentalos.mx\/es\/vuelvete-anfitrion\/\",\"name\":\"Vuelvete Anfitrion de Rentalos\",\"isPartOf\":{\"@id\":\"https:\/\/rentalos.mx\/es\/#website\"},\"primaryImageOfPage\":{\"@id\":\"https:\/\/rentalos.mx\/es\/vuelvete-anfitrion\/#primaryimage\"},\"image\":{\"@id\":\"https:\/\/rentalos.mx\/es\/vuelvete-anfitrion\/#primaryimage\"},\"thumbnailUrl\":\"https:\/\/rentalos.mx\/wp-content\/uploads\/2020\/05\/hotel-1330850_1920.jpg\",\"datePublished\":\"2018-11-01T17:33:16+00:00\",\"dateModified\":\"2020-07-02T23:41:41+00:00\",\"description\":\"Especialistas en Alojamientos Memorables!\",\"breadcrumb\":{\"@id\":\"https:\/\/rentalos.mx\/es\/vuelvete-anfitrion\/#breadcrumb\"},\"inLanguage\":\"es\",\"potentialAction\":[{\"@type\":\"ReadAction\",\"target\":[\"https:\/\/rentalos.mx\/es\/vuelvete-anfitrion\/\"]}]},{\"@type\":\"ImageObject\",\"inLanguage\":\"es\",\"@id\":\"https:\/\/rentalos.mx\/es\/vuelvete-anfitrion\/#primaryimage\",\"url\":\"https:\/\/rentalos.mx\/wp-content\/uploads\/2020\/05\/hotel-1330850_1920.jpg\",\"contentUrl\":\"https:\/\/rentalos.mx\/wp-content\/uploads\/2020\/05\/hotel-1330850_1920.jpg\",\"width\":1920,\"height\":1343},{\"@type\":\"BreadcrumbList\",\"@id\":\"https:\/\/rentalos.mx\/es\/vuelvete-anfitrion\/#breadcrumb\",\"itemListElement\":[{\"@type\":\"ListItem\",\"position\":1,\"name\":\"Home\",\"item\":\"https:\/\/rentalos.mx\/es\/\"},{\"@type\":\"ListItem\",\"position\":2,\"name\":\"Vuelvete un Anfitrion\"}]},{\"@type\":\"WebSite\",\"@id\":\"https:\/\/rentalos.mx\/es\/#website\",\"url\":\"https:\/\/rentalos.mx\/es\/\",\"name\":\"Rentalos.mx\",\"description\":\"Vacation Rentals Platform\",\"potentialAction\":[{\"@type\":\"SearchAction\",\"target\":{\"@type\":\"EntryPoint\",\"urlTemplate\":\"https:\/\/rentalos.mx\/es\/?s={search_term_string}\"},\"query-input\":{\"@type\":\"PropertyValueSpecification\",\"valueRequired\":true,\"valueName\":\"search_term_string\"}}],\"inLanguage\":\"es\"}]}<\/script>\n<!-- \/ Yoast SEO plugin. -->","yoast_head_json":{"title":"Vuelvete Anfitrion de Rentalos","description":"Especialistas en Alojamientos Memorables!","robots":{"index":"index","follow":"follow","max-snippet":"max-snippet:-1","max-image-preview":"max-image-preview:large","max-video-preview":"max-video-preview:-1"},"canonical":"https:\/\/rentalos.mx\/es\/vuelvete-anfitrion\/","og_locale":"es_ES","og_type":"article","og_title":"Rentalos.MX - Vu\u00e9lvete Anfitri\u00f3n","og_description":"Especialistas en Alojamientos Memorables!","og_url":"https:\/\/rentalos.mx\/es\/vuelvete-anfitrion\/","og_site_name":"Rentalos.mx","article_modified_time":"2020-07-02T23:41:41+00:00","og_image":[{"width":1920,"height":1343,"url":"https:\/\/rentalos.mx\/wp-content\/uploads\/2020\/05\/hotel-1330850_1920.jpg","type":"image\/jpeg"}],"twitter_card":"summary_large_image","twitter_misc":{"Tiempo de lectura":"9 minutos"},"schema":{"@context":"https:\/\/schema.org","@graph":[{"@type":"WebPage","@id":"https:\/\/rentalos.mx\/es\/vuelvete-anfitrion\/","url":"https:\/\/rentalos.mx\/es\/vuelvete-anfitrion\/","name":"Vuelvete Anfitrion de Rentalos","isPartOf":{"@id":"https:\/\/rentalos.mx\/es\/#website"},"primaryImageOfPage":{"@id":"https:\/\/rentalos.mx\/es\/vuelvete-anfitrion\/#primaryimage"},"image":{"@id":"https:\/\/rentalos.mx\/es\/vuelvete-anfitrion\/#primaryimage"},"thumbnailUrl":"https:\/\/rentalos.mx\/wp-content\/uploads\/2020\/05\/hotel-1330850_1920.jpg","datePublished":"2018-11-01T17:33:16+00:00","dateModified":"2020-07-02T23:41:41+00:00","description":"Especialistas en Alojamientos Memorables!","breadcrumb":{"@id":"https:\/\/rentalos.mx\/es\/vuelvete-anfitrion\/#breadcrumb"},"inLanguage":"es","potentialAction":[{"@type":"ReadAction","target":["https:\/\/rentalos.mx\/es\/vuelvete-anfitrion\/"]}]},{"@type":"ImageObject","inLanguage":"es","@id":"https:\/\/rentalos.mx\/es\/vuelvete-anfitrion\/#primaryimage","url":"https:\/\/rentalos.mx\/wp-content\/uploads\/2020\/05\/hotel-1330850_1920.jpg","contentUrl":"https:\/\/rentalos.mx\/wp-content\/uploads\/2020\/05\/hotel-1330850_1920.jpg","width":1920,"height":1343},{"@type":"BreadcrumbList","@id":"https:\/\/rentalos.mx\/es\/vuelvete-anfitrion\/#breadcrumb","itemListElement":[{"@type":"ListItem","position":1,"name":"Home","item":"https:\/\/rentalos.mx\/es\/"},{"@type":"ListItem","position":2,"name":"Vuelvete un Anfitrion"}]},{"@type":"WebSite","@id":"https:\/\/rentalos.mx\/es\/#website","url":"https:\/\/rentalos.mx\/es\/","name":"Rentalos.mx","description":"Vacation Rentals Platform","potentialAction":[{"@type":"SearchAction","target":{"@type":"EntryPoint","urlTemplate":"https:\/\/rentalos.mx\/es\/?s={search_term_string}"},"query-input":{"@type":"PropertyValueSpecification","valueRequired":true,"valueName":"search_term_string"}}],"inLanguage":"es"}]}},"_links":{"self":[{"href":"https:\/\/rentalos.mx\/es\/wp-json\/wp\/v2\/pages\/2714","targetHints":{"allow":["GET"]}}],"collection":[{"href":"https:\/\/rentalos.mx\/es\/wp-json\/wp\/v2\/pages"}],"about":[{"href":"https:\/\/rentalos.mx\/es\/wp-json\/wp\/v2\/types\/page"}],"author":[{"embeddable":true,"href":"https:\/\/rentalos.mx\/es\/wp-json\/wp\/v2\/users\/2"}],"replies":[{"embeddable":true,"href":"https:\/\/rentalos.mx\/es\/wp-json\/wp\/v2\/comments?post=2714"}],"version-history":[{"count":82,"href":"https:\/\/rentalos.mx\/es\/wp-json\/wp\/v2\/pages\/2714\/revisions"}],"predecessor-version":[{"id":3870,"href":"https:\/\/rentalos.mx\/es\/wp-json\/wp\/v2\/pages\/2714\/revisions\/3870"}],"wp:featuredmedia":[{"embeddable":true,"href":"https:\/\/rentalos.mx\/es\/wp-json\/wp\/v2\/media\/2878"}],"wp:attachment":[{"href":"https:\/\/rentalos.mx\/es\/wp-json\/wp\/v2\/media?parent=2714"}],"curies":[{"name":"wp","href":"https:\/\/api.w.org\/{rel}","templated":true}]}}