{"id":2537,"date":"2018-10-25T15:26:09","date_gmt":"2018-10-25T15:26:09","guid":{"rendered":"http:\/\/rentalos.mx\/about-homey\/"},"modified":"2020-11-04T15:58:18","modified_gmt":"2020-11-04T20:58:18","slug":"acerca-rentalos-mx","status":"publish","type":"page","link":"https:\/\/rentalos.mx\/es\/acerca-rentalos-mx\/","title":{"rendered":"About Rentalos.MX"},"content":{"rendered":"<section class=\"wpb-content-wrapper\"><p>[vc_row css=&#8221;.vc_custom_1540484653733{margin-bottom: 30px !important;padding-right: 30px !important;padding-left: 30px !important;background-color: #ffffff !important;}&#8221;][vc_column]\t\t<div class=\"homey-module module-title section-title-module text-left \">\r\n\t\t\t<h2 >RENTALOS: Una Manera Sencilla de Reservar y Hospedarse<\/h2>\r\n\r\n\t\t\t<p  class=\"sub-heading\"><\/p>\r\n\t\t<\/div>\r\n\t\t<div style=\"clear:both; width:100%; height:20px\"><\/div>[vc_single_image image=&#8221;2653&#8243; img_size=&#8221;large&#8221; onclick=&#8221;custom_link&#8221; link=&#8221;http:\/\/rentalos.mx&#8221;][vc_row_inner][vc_column_inner width=&#8221;1\/3&#8243;][vc_column_text]<\/p>\n<h3>Sobre Nosotros<\/h3>\n<p>Rentalos es la marca de administraci\u00f3n de propiedades y alquileres vacacionales de Karma Trails, un grupo tur\u00edstico especializado en soluciones de viajes a medida.[\/vc_column_text][\/vc_column_inner][vc_column_inner width=&#8221;1\/3&#8243;][vc_column_text]<\/p>\n<h3>Nuestra misi\u00f3n<\/h3>\n<p>Permitir una conexi\u00f3n confiable entre los propietarios de alojamientos de todo el mundo y los viajeros que buscan lugares para hospedarse.[\/vc_column_text][\/vc_column_inner][vc_column_inner width=&#8221;1\/3&#8243;][vc_column_text]<\/p>\n<h3>\u00bfPor qu\u00e9 deber\u00edas alquilar con nosotros?<\/h3>\n<p>Ya sea que est\u00e9s buscando una casa familiar, un peque\u00f1o apartamento acogedor, un condominio de lujo o una incre\u00edble villa en la playa, en Rentalos encontraras el lugar perfecto para quedarse y podr\u00e1s reservarlo con un pago por adelantado de solo el 10%.[\/vc_column_text][\/vc_column_inner][\/vc_row_inner][\/vc_column][\/vc_row][vc_row css=&#8221;.vc_custom_1540484271922{margin-bottom: 30px !important;padding-right: 30px !important;padding-left: 30px !important;background-color: #ffffff !important;}&#8221;][vc_column]\t\t<div class=\"homey-module module-title section-title-module text-left \">\r\n\t\t\t<h2 >About Homey<\/h2>\r\n\r\n\t\t\t<p  class=\"sub-heading\"><\/p>\r\n\t\t<\/div>\r\n\t\t[\/vc_column][\/vc_row]<\/p>\n<\/section>","protected":false},"excerpt":{"rendered":"<p>[vc_row css=&#8221;.vc_custom_1540484653733{margin-bottom: 30px !important;padding-right: 30px !important;padding-left: 30px !important;background-color: #ffffff !important;}&#8221;][vc_column][vc_single_image image=&#8221;2653&#8243; img_size=&#8221;large&#8221; onclick=&#8221;custom_link&#8221; link=&#8221;http:\/\/rentalos.mx&#8221;][vc_row_inner][vc_column_inner width=&#8221;1\/3&#8243;][vc_column_text] Sobre Nosotros Rentalos es la marca de administraci\u00f3n de propiedades y alquileres vacacionales de Karma Trails, un grupo tur\u00edstico especializado en soluciones de viajes a medida.[\/vc_column_text][\/vc_column_inner][vc_column_inner width=&#8221;1\/3&#8243;][vc_column_text] Nuestra misi\u00f3n Permitir una conexi\u00f3n confiable entre los propietarios de alojamientos de todo [&hellip;]<\/p>\n","protected":false},"author":2,"featured_media":0,"parent":0,"menu_order":0,"comment_status":"closed","ping_status":"closed","template":"template\/template-homepage.php","meta":{"footnotes":""},"class_list":["post-2537","page","type-page","status-publish","hentry"],"yoast_head":"<!-- This site is optimized with the Yoast SEO plugin v25.1 - https:\/\/yoast.com\/wordpress\/plugins\/seo\/ -->\n<title>About Rentalos.MX - Rentalos.mx<\/title>\n<meta name=\"robots\" content=\"index, follow, max-snippet:-1, max-image-preview:large, max-video-preview:-1\" \/>\n<link rel=\"canonical\" href=\"https:\/\/rentalos.mx\/es\/acerca-rentalos-mx\/\" \/>\n<meta property=\"og:locale\" content=\"es_ES\" \/>\n<meta property=\"og:type\" content=\"article\" \/>\n<meta property=\"og:title\" content=\"About Rentalos.MX - Rentalos.mx\" \/>\n<meta property=\"og:description\" content=\"[vc_row css=&#8221;.vc_custom_1540484653733{margin-bottom: 30px !important;padding-right: 30px !important;padding-left: 30px !important;background-color: #ffffff !important;}&#8221;][vc_column][vc_single_image image=&#8221;2653&#8243; img_size=&#8221;large&#8221; onclick=&#8221;custom_link&#8221; link=&#8221;http:\/\/rentalos.mx&#8221;][vc_row_inner][vc_column_inner width=&#8221;1\/3&#8243;][vc_column_text] Sobre Nosotros Rentalos es la marca de administraci\u00f3n de propiedades y alquileres vacacionales de Karma Trails, un grupo tur\u00edstico especializado en soluciones de viajes a medida.[\/vc_column_text][\/vc_column_inner][vc_column_inner width=&#8221;1\/3&#8243;][vc_column_text] Nuestra misi\u00f3n Permitir una conexi\u00f3n confiable entre los propietarios de alojamientos de todo [&hellip;]\" \/>\n<meta property=\"og:url\" content=\"https:\/\/rentalos.mx\/es\/acerca-rentalos-mx\/\" \/>\n<meta property=\"og:site_name\" content=\"Rentalos.mx\" \/>\n<meta property=\"article:modified_time\" content=\"2020-11-04T20:58:18+00:00\" \/>\n<meta name=\"twitter:card\" content=\"summary_large_image\" \/>\n<meta name=\"twitter:label1\" content=\"Tiempo de lectura\" \/>\n\t<meta name=\"twitter:data1\" content=\"1 minuto\" \/>\n<script type=\"application\/ld+json\" class=\"yoast-schema-graph\">{\"@context\":\"https:\/\/schema.org\",\"@graph\":[{\"@type\":\"WebPage\",\"@id\":\"https:\/\/rentalos.mx\/es\/acerca-rentalos-mx\/\",\"url\":\"https:\/\/rentalos.mx\/es\/acerca-rentalos-mx\/\",\"name\":\"About Rentalos.MX - Rentalos.mx\",\"isPartOf\":{\"@id\":\"https:\/\/rentalos.mx\/es\/#website\"},\"datePublished\":\"2018-10-25T15:26:09+00:00\",\"dateModified\":\"2020-11-04T20:58:18+00:00\",\"breadcrumb\":{\"@id\":\"https:\/\/rentalos.mx\/es\/acerca-rentalos-mx\/#breadcrumb\"},\"inLanguage\":\"es\",\"potentialAction\":[{\"@type\":\"ReadAction\",\"target\":[\"https:\/\/rentalos.mx\/es\/acerca-rentalos-mx\/\"]}]},{\"@type\":\"BreadcrumbList\",\"@id\":\"https:\/\/rentalos.mx\/es\/acerca-rentalos-mx\/#breadcrumb\",\"itemListElement\":[{\"@type\":\"ListItem\",\"position\":1,\"name\":\"Home\",\"item\":\"https:\/\/rentalos.mx\/es\/\"},{\"@type\":\"ListItem\",\"position\":2,\"name\":\"About Rentalos.MX\"}]},{\"@type\":\"WebSite\",\"@id\":\"https:\/\/rentalos.mx\/es\/#website\",\"url\":\"https:\/\/rentalos.mx\/es\/\",\"name\":\"Rentalos.mx\",\"description\":\"Vacation Rentals Platform\",\"potentialAction\":[{\"@type\":\"SearchAction\",\"target\":{\"@type\":\"EntryPoint\",\"urlTemplate\":\"https:\/\/rentalos.mx\/es\/?s={search_term_string}\"},\"query-input\":{\"@type\":\"PropertyValueSpecification\",\"valueRequired\":true,\"valueName\":\"search_term_string\"}}],\"inLanguage\":\"es\"}]}<\/script>\n<!-- \/ Yoast SEO plugin. -->","yoast_head_json":{"title":"About Rentalos.MX - Rentalos.mx","robots":{"index":"index","follow":"follow","max-snippet":"max-snippet:-1","max-image-preview":"max-image-preview:large","max-video-preview":"max-video-preview:-1"},"canonical":"https:\/\/rentalos.mx\/es\/acerca-rentalos-mx\/","og_locale":"es_ES","og_type":"article","og_title":"About Rentalos.MX - Rentalos.mx","og_description":"[vc_row css=&#8221;.vc_custom_1540484653733{margin-bottom: 30px !important;padding-right: 30px !important;padding-left: 30px !important;background-color: #ffffff !important;}&#8221;][vc_column][vc_single_image image=&#8221;2653&#8243; img_size=&#8221;large&#8221; onclick=&#8221;custom_link&#8221; link=&#8221;http:\/\/rentalos.mx&#8221;][vc_row_inner][vc_column_inner width=&#8221;1\/3&#8243;][vc_column_text] Sobre Nosotros Rentalos es la marca de administraci\u00f3n de propiedades y alquileres vacacionales de Karma Trails, un grupo tur\u00edstico especializado en soluciones de viajes a medida.[\/vc_column_text][\/vc_column_inner][vc_column_inner width=&#8221;1\/3&#8243;][vc_column_text] Nuestra misi\u00f3n Permitir una conexi\u00f3n confiable entre los propietarios de alojamientos de todo [&hellip;]","og_url":"https:\/\/rentalos.mx\/es\/acerca-rentalos-mx\/","og_site_name":"Rentalos.mx","article_modified_time":"2020-11-04T20:58:18+00:00","twitter_card":"summary_large_image","twitter_misc":{"Tiempo de lectura":"1 minuto"},"schema":{"@context":"https:\/\/schema.org","@graph":[{"@type":"WebPage","@id":"https:\/\/rentalos.mx\/es\/acerca-rentalos-mx\/","url":"https:\/\/rentalos.mx\/es\/acerca-rentalos-mx\/","name":"About Rentalos.MX - Rentalos.mx","isPartOf":{"@id":"https:\/\/rentalos.mx\/es\/#website"},"datePublished":"2018-10-25T15:26:09+00:00","dateModified":"2020-11-04T20:58:18+00:00","breadcrumb":{"@id":"https:\/\/rentalos.mx\/es\/acerca-rentalos-mx\/#breadcrumb"},"inLanguage":"es","potentialAction":[{"@type":"ReadAction","target":["https:\/\/rentalos.mx\/es\/acerca-rentalos-mx\/"]}]},{"@type":"BreadcrumbList","@id":"https:\/\/rentalos.mx\/es\/acerca-rentalos-mx\/#breadcrumb","itemListElement":[{"@type":"ListItem","position":1,"name":"Home","item":"https:\/\/rentalos.mx\/es\/"},{"@type":"ListItem","position":2,"name":"About Rentalos.MX"}]},{"@type":"WebSite","@id":"https:\/\/rentalos.mx\/es\/#website","url":"https:\/\/rentalos.mx\/es\/","name":"Rentalos.mx","description":"Vacation Rentals Platform","potentialAction":[{"@type":"SearchAction","target":{"@type":"EntryPoint","urlTemplate":"https:\/\/rentalos.mx\/es\/?s={search_term_string}"},"query-input":{"@type":"PropertyValueSpecification","valueRequired":true,"valueName":"search_term_string"}}],"inLanguage":"es"}]}},"_links":{"self":[{"href":"https:\/\/rentalos.mx\/es\/wp-json\/wp\/v2\/pages\/2537","targetHints":{"allow":["GET"]}}],"collection":[{"href":"https:\/\/rentalos.mx\/es\/wp-json\/wp\/v2\/pages"}],"about":[{"href":"https:\/\/rentalos.mx\/es\/wp-json\/wp\/v2\/types\/page"}],"author":[{"embeddable":true,"href":"https:\/\/rentalos.mx\/es\/wp-json\/wp\/v2\/users\/2"}],"replies":[{"embeddable":true,"href":"https:\/\/rentalos.mx\/es\/wp-json\/wp\/v2\/comments?post=2537"}],"version-history":[{"count":7,"href":"https:\/\/rentalos.mx\/es\/wp-json\/wp\/v2\/pages\/2537\/revisions"}],"predecessor-version":[{"id":4138,"href":"https:\/\/rentalos.mx\/es\/wp-json\/wp\/v2\/pages\/2537\/revisions\/4138"}],"wp:attachment":[{"href":"https:\/\/rentalos.mx\/es\/wp-json\/wp\/v2\/media?parent=2537"}],"curies":[{"name":"wp","href":"https:\/\/api.w.org\/{rel}","templated":true}]}}